{"id":3015,"date":"2019-06-14T16:12:01","date_gmt":"2019-06-14T14:12:01","guid":{"rendered":"https:\/\/padpad.it\/?page_id=3015"},"modified":"2026-03-18T12:16:38","modified_gmt":"2026-03-18T11:16:38","slug":"vantaggi","status":"publish","type":"page","link":"https:\/\/padpad.it\/en\/advantages\/","title":{"rendered":"Advantages"},"content":{"rendered":"<div class=\"wpb-content-wrapper\"><p>[vc_row el_id=&#8221;row-atf-advantages&#8221;][vc_column][vc_raw_html css=&#8221;&#8221;]JTNDZGl2JTIwY2xhc3MlM0QlMjJhdGYtYWR2YW50YWdlcyUyMiUzRSUwQSUyMCUyMCUyMCUyMCUzQ2RpdiUyMGNsYXNzJTNEJTIyY29udGFpbmVyLXNxdWFyZWQtdGl0bGUtYWR2YW50YWdlcyUyMiUzRSUwQSUyMCUyMCUyMCUyMCUyMCUyMCUyMCUyMCUzQ2ltZyUyMHNyYyUzRCUyMmh0dHBzJTNBJTJGJTJGcGFkcGFkLml0JTJGd3AtY29udGVudCUyRnVwbG9hZHMlMkYyMDI2JTJGMDMlMkZMT09QX1BBRFBBRC0xLnBuZyUyMiUyMGFsdCUzRCUyMiUyMiUzRSUwQSUyMCUyMCUyMCUyMCUyMCUyMCUyMCUyMCUzQ2gxJTNFSVQlMjdTJTNDYnIlM0UlM0NvcmFuZ2UlM0VFQVNZJTNDJTJGb3JhbmdlJTNFJTNDJTJGaDElM0UlMEElMjAlMjAlMjAlMjAlM0MlMkZkaXYlM0UlMEElMjAlMjAlMjAlMjAlM0NkaXYlMjBjbGFzcyUzRCUyMnRleHQtYXRmLWFkdmFudGFnZXMlMjIlM0UlMEElMjAlMjAlMjAlMjAlMjAlMjAlMjAlMjAlM0NwJTNFV2UlMjBkZXNpZ25lZCUyMGElMjBsaXZpbmclMjBleHBlcmllbmNlJTIwd2hlcmUlMjB5b3VyJTIwb25seSUyMHRhc2slMjBpcyUyMHRvJTIwc3RlcCUyMHRocm91Z2glMjB0aGUlMjBkb29yLiUyMEElMjBsaWdodCUyQyUyMGNvbXBsZXRlJTJDJTIwYW5kJTIwbW92ZS1pbi1yZWFkeSUyMGZvcm11bGEuJTNDJTJGcCUzRSUwQSUyMCUyMCUyMCUyMCUzQyUyRmRpdiUzRSUwQSUzQyUyRmRpdiUzRQ==[\/vc_raw_html][\/vc_column][\/vc_row][vc_row el_id=&#8221;people&#8221;][vc_column][vc_raw_html css=&#8221;&#8221;]JTNDZGl2JTIwY2xhc3MlM0QlMjJjb250YWluZXItcGVvcGxlJTIyJTNFJTBBJTIwJTIwJTIwJTIwJTNDaW1nJTIwc3JjJTNEJTIyaHR0cHMlM0ElMkYlMkZwYWRwYWQuaXQlMkZ3cC1jb250ZW50JTJGdXBsb2FkcyUyRjIwMjYlMkYwMyUyRmtpdGNoZW4tc2NhbGVkLndlYnAlMjIlMjBhbHQlM0QlMjIlMjIlM0UlMEElM0MlMkZkaXYlM0U=[\/vc_raw_html][\/vc_column][\/vc_row][vc_row el_id=&#8221;two-column-section&#8221;][vc_column][vc_empty_space height=&#8221;60px&#8221;][vc_raw_html css=&#8221;&#8221;]JTNDZGl2JTIwY2xhc3MlM0QlMjJ0d28tY29sdW1uLXNlY3Rpb24lMjIlM0UlMEElMjAlMjAlMjAlMjAlM0NkaXYlMjBjbGFzcyUzRCUyMnRleHQlMjIlM0UlMEElMjAlMjAlMjAlMjAlMjAlMjAlMjAlMjAlM0NpbWclMjBzcmMlM0QlMjJodHRwcyUzQSUyRiUyRnBhZHBhZC5pdCUyRndwLWNvbnRlbnQlMkZ1cGxvYWRzJTJGMjAyNiUyRjAzJTJGaWNvbl8xLnBuZyUyMiUyMGFsdCUzRCUyMiUyMiUzRSUwQSUyMCUyMCUyMCUyMCUyMCUyMCUyMCUyMCUzQ2gzJTNFJTNDdmlvbGV0JTNFQUxMLUlOQ0xVU0lWRSUzQyUyRnZpb2xldCUzRSUzQyUyRmgzJTNFJTBBJTIwJTIwJTIwJTIwJTIwJTIwJTIwJTIwJTNDcCUzRU9uZSUyMG1vbnRobHklMjByZWZlcmVuY2UlMjB0aGF0JTIwaW5jbHVkZXMlMjBldmVyeXRoaW5nJTNBJTIwdXRpbGl0aWVzJTJDJTIwV2ktRmklMkMlMjBidWlsZGluZyUyMGZlZXMlMkMlMjBhbmQlMjBtYWludGVuYW5jZS4lMjBXZSUyMG1hbmFnZSUyMHRoZSUyMGNvbXBsZXhpdHklM0IlMjB5b3UlMjBlbmpveSUyMHRoZSUyMHNwYWNlJTIxJTNDJTJGcCUzRSUwQSUyMCUyMCUyMCUyMCUzQyUyRmRpdiUzRSUwQSUyMCUyMCUyMCUyMCUzQ2RpdiUyMGNsYXNzJTNEJTIyY29udGFpbmVyLWltZy0yc2VjdGlvbiUyMiUzRSUwQSUyMCUyMCUyMCUyMCUyMCUyMCUyMCUyMCUzQ2ltZyUyMHNyYyUzRCUyMmh0dHBzJTNBJTJGJTJGcGFkcGFkLml0JTJGd3AtY29udGVudCUyRnVwbG9hZHMlMkYyMDI2JTJGMDMlMkZhZHZhbnRhZ2VzLTEud2VicCUyMiUyMGFsdCUzRCUyMiUyMiUzRSUwQSUyMCUyMCUyMCUyMCUzQyUyRmRpdiUzRSUwQSUzQyUyRmRpdiUzRSUwQSUwQSUzQ2RpdiUyMGNsYXNzJTNEJTIydHdvLWNvbHVtbi1zZWN0aW9uJTIwcmV2ZXJzZSUyMiUzRSUwQSUyMCUyMCUyMCUyMCUzQ2RpdiUyMGNsYXNzJTNEJTIydGV4dCUyMiUzRSUwQSUyMCUyMCUyMCUyMCUyMCUyMCUyMCUyMCUzQ2ltZyUyMHNyYyUzRCUyMmh0dHBzJTNBJTJGJTJGcGFkcGFkLml0JTJGd3AtY29udGVudCUyRnVwbG9hZHMlMkYyMDI2JTJGMDMlMkZpY29uXzItMi5wbmclMjIlMjBhbHQlM0QlMjIlMjIlM0UlMEElMjAlMjAlMjAlMjAlMjAlMjAlMjAlMjAlM0NoMyUzRSUzQ3Zpb2xldCUzRUZMRVhJJTNDJTJGdmlvbGV0JTNFJTNDJTJGaDMlM0UlMEElMjAlMjAlMjAlMjAlMjAlMjAlMjAlMjAlM0NwJTNFTWF4aW11bSUyMGR1cmF0aW9uJTIwZnJlZWRvbS4lMjBEZWZpbmUlMjB5b3VyJTIwc3RheSUyMHdpdGhvdXQlMjB0aGUlMjBjb25zdHJhaW50cyUyMG9mJTIwdHJhZGl0aW9uYWwlMjBjb250cmFjdHMlMkMlMjBzdGFydGluZyUyMGZyb20lMjBqdXN0JTIwb25lJTIwbW9udGguJTNDJTJGcCUzRSUwQSUyMCUyMCUyMCUyMCUzQyUyRmRpdiUzRSUwQSUyMCUyMCUyMCUyMCUzQ2RpdiUyMGNsYXNzJTNEJTIyY29udGFpbmVyLWltZy0yc2VjdGlvbiUyMiUzRSUwQSUyMCUyMCUyMCUyMCUyMCUyMCUyMCUyMCUzQ2ltZyUyMHNyYyUzRCUyMmh0dHBzJTNBJTJGJTJGcGFkcGFkLml0JTJGd3AtY29udGVudCUyRnVwbG9hZHMlMkYyMDI2JTJGMDMlMkZmbGV4aS53ZWJwJTIyJTIwYWx0JTNEJTIyJTIyJTNFJTBBJTIwJTIwJTIwJTIwJTNDJTJGZGl2JTNFJTBBJTNDJTJGZGl2JTNF[\/vc_raw_html][\/vc_column][\/vc_row][vc_row el_id=&#8221;people&#8221;][vc_column][vc_empty_space height=&#8221;50px&#8221;][vc_raw_html css=&#8221;&#8221;]JTNDZGl2JTIwY2xhc3MlM0QlMjJjb250YWluZXItcGVvcGxlJTIyJTNFJTBBJTIwJTIwJTIwJTIwJTNDaW1nJTIwc3JjJTNEJTIyaHR0cHMlM0ElMkYlMkZwYWRwYWQuaXQlMkZ3cC1jb250ZW50JTJGdXBsb2FkcyUyRjIwMjYlMkYwMyUyRkdSQUZJQ0EtMi5wbmclMjIlMjBhbHQlM0QlMjIlMjIlM0UlMEElM0MlMkZkaXYlM0U=[\/vc_raw_html][\/vc_column][\/vc_row][vc_row el_id=&#8221;two-column-section&#8221;][vc_column][vc_raw_html css=&#8221;&#8221;]JTNDZGl2JTIwY2xhc3MlM0QlMjJ0d28tY29sdW1uLXNlY3Rpb24lMjIlM0UlMEElMjAlMjAlMjAlMjAlM0NkaXYlMjBjbGFzcyUzRCUyMnRleHQlMjIlM0UlMEElMjAlMjAlMjAlMjAlMjAlMjAlMjAlMjAlM0NpbWclMjBzcmMlM0QlMjJodHRwcyUzQSUyRiUyRnBhZHBhZC5pdCUyRndwLWNvbnRlbnQlMkZ1cGxvYWRzJTJGMjAyNiUyRjAzJTJGaWNvbl8zLnBuZyUyMiUyMGFsdCUzRCUyMiUyMiUzRSUwQSUyMCUyMCUyMCUyMCUyMCUyMCUyMCUyMCUzQ2gzJTNFJTNDdmlvbGV0JTNFRUFTWSUyMFdJVEhEUkFXQUwlM0MlMkZ2aW9sZXQlM0UlM0MlMkZoMyUzRSUwQSUyMCUyMCUyMCUyMCUyMCUyMCUyMCUyMCUzQ3AlM0VBbiUyMGFnaWxlJTIwc3lzdGVtJTIwdGhhdCUyMGFkYXB0cyUyMHRvJTIweW91ciUyMG1vdmVzLiUyMEp1c3QlMjBvbmUlMjBtb250aCUyN3MlMjBub3RpY2UlMjBpcyUyMGFsbCUyMHlvdSUyMG5lZWQlMjB0byUyMGNsb3NlJTIwdGhlJTIwY29udHJhY3QlMjBhbmQlMjBtb3ZlJTIwb24lMjBzdHJlc3MtZnJlZS4lMjAlMjglMkFOb3QlMjBhcHBsaWNhYmxlJTIwdG8lMjBKYW51YXJ5JTJDJTIwRmVicnVhcnklMkMlMjBKdW5lJTIwYW5kJTIwSnVseSUyMG1vbnRocyUyOSUzQyUyRnAlM0UlMEElMjAlMjAlMjAlMjAlM0MlMkZkaXYlM0UlMEElMjAlMjAlMjAlMjAlM0NkaXYlMjBjbGFzcyUzRCUyMmNvbnRhaW5lci1pbWctMnNlY3Rpb24lMjIlM0UlMEElMjAlMjAlMjAlMjAlMjAlMjAlMjAlMjAlM0NpbWclMjBzcmMlM0QlMjJodHRwcyUzQSUyRiUyRnBhZHBhZC5pdCUyRndwLWNvbnRlbnQlMkZ1cGxvYWRzJTJGMjAyNiUyRjAzJTJGZWFzeS13aXRoZHJhd2FsLndlYnAlMjIlMjBhbHQlM0QlMjIlMjIlM0UlMEElMjAlMjAlMjAlMjAlM0MlMkZkaXYlM0UlMEElM0MlMkZkaXYlM0UlMEElMEElM0NkaXYlMjBjbGFzcyUzRCUyMnR3by1jb2x1bW4tc2VjdGlvbiUyMHJldmVyc2UlMjIlM0UlMEElMjAlMjAlMjAlMjAlM0NkaXYlMjBjbGFzcyUzRCUyMnRleHQlMjIlM0UlMEElMjAlMjAlMjAlMjAlMjAlMjAlMjAlMjAlM0NpbWclMjBzcmMlM0QlMjJodHRwcyUzQSUyRiUyRnBhZHBhZC5pdCUyRndwLWNvbnRlbnQlMkZ1cGxvYWRzJTJGMjAyNiUyRjAzJTJGaWNvbl80LnBuZyUyMiUyMGFsdCUzRCUyMiUyMiUzRSUwQSUyMCUyMCUyMCUyMCUyMCUyMCUyMCUyMCUzQ2gzJTNFJTNDdmlvbGV0JTNFRUFTWSUyMERFUE9TSVRPJTNDJTJGdmlvbGV0JTNFJTNDJTJGaDMlM0UlMEElMjAlMjAlMjAlMjAlMjAlMjAlMjAlMjAlM0NwJTNFU2ltcGxpZmllZCUyMGFjY2VzcyUyMHRvJTIweW91ciUyMG5ldyUyMHN0dWRpbyUyMGFwYXJ0bWVudC4lMjBXZSUyMHByb3RlY3QlMjB5b3VyJTIwYnVkZ2V0JTIwd2l0aCUyMGElMjBzZWN1cml0eSUyMGRlcG9zaXQlMjByZWR1Y2VkJTIwdG8lMjBqdXN0JTIwb25lJTIwbW9udGguJTNDJTJGcCUzRSUwQSUyMCUyMCUyMCUyMCUzQyUyRmRpdiUzRSUwQSUyMCUyMCUyMCUyMCUzQ2RpdiUyMGNsYXNzJTNEJTIyY29udGFpbmVyLWltZy0yc2VjdGlvbiUyMiUzRSUwQSUyMCUyMCUyMCUyMCUyMCUyMCUyMCUyMCUzQ2ltZyUyMHNyYyUzRCUyMmh0dHBzJTNBJTJGJTJGcGFkcGFkLml0JTJGd3AtY29udGVudCUyRnVwbG9hZHMlMkYyMDI2JTJGMDMlMkZlYXN5LWRlcG9zaXRvLndlYnAlMjIlMjBhbHQlM0QlMjIlMjIlM0UlMEElMjAlMjAlMjAlMjAlM0MlMkZkaXYlM0UlMEElM0MlMkZkaXYlM0U=[\/vc_raw_html][vc_empty_space height=&#8221;50px&#8221;][\/vc_column][\/vc_row][vc_row el_id=&#8221;row-contact-us&#8221;][vc_column][vc_raw_html css=&#8221;&#8221;]JTNDZGl2JTIwY2xhc3MlM0QlMjJjb250YWluZXItY29udGFjdC11cyUyMiUzRSUwQSUyMCUyMCUyMCUyMCUzQ2RpdiUyMGNsYXNzJTNEJTIyY29udGFjdC11cy10aXRsZSUyMiUzRSUwQSUyMCUyMCUyMCUyMCUyMCUyMCUyMCUyMCUzQ2gyJTIwY2xhc3MlM0QlMjJ0aXRsZS1oMi1iaWclMjIlM0UlM0NvcmFuZ2UlM0VDT05UQUNUJTIwVVMlM0MlMkZvcmFuZ2UlM0UlMjBPTiUyMFdIQVRTQVBQJTIwRk9SJTIwTU9SRSUyMElORk9STUFUSU9OJTNDJTJGaDIlM0UlMEElMjAlMjAlMjAlMjAlM0MlMkZkaXYlM0UlMEElMjAlMjAlMjAlMjAlM0NkaXYlMjBjbGFzcyUzRCUyMmNvbnRhaW5lci1jb250YWN0LXVzLWJ1dHRvbiUyMiUzRSUwQSUyMCUyMCUyMCUyMCUzQ2ElMjBocmVmJTNEJTIyaHR0cHMlM0ElMkYlMkZhcGkud2hhdHNhcHAuY29tJTJGc2VuZCUzRnBob25lJTNEMzkzMjg3MTk2MjYyJTIyJTIwY2xhc3MlM0QlMjJidXR0b24tYmljb2xvciUyMiUyMHRhcmdldCUzRCUyMl9ibGFuayUyMiUzRSUzQ3NwYW4lM0VDbGljayUyMHRvJTIwY2hhdCUzQyUyRnNwYW4lM0UlM0NpJTIwY2xhc3MlM0QlMjJmYS1yZWd1bGFyJTIwZmEtYXJyb3ctcmlnaHQlMjIlM0UlM0MlMkZpJTNFJTNDJTJGYSUzRSUwQSUyMCUyMCUyMCUyMCUzQyUyRmRpdiUzRSUwQSUzQyUyRmRpdiUzRQ==[\/vc_raw_html][\/vc_column][\/vc_row]<\/p>\n<\/div>","protected":false},"excerpt":{"rendered":"<p>[vc_row el_id=&#8221;row-atf-advantages&#8221;][vc_column][vc_raw_html css=&#8221;&#8221;]JTNDZGl2JTIwY2xhc3MlM0QlMjJhdGYtYWR2YW50YWdlcyUyMiUzRSUwQSUyMCUyMCUyMCUyMCUzQ2RpdiUyMGNsYXNzJTNEJTIyY29udGFpbmVyLXNxdWFyZWQtdGl0bGUtYWR2YW50YWdlcyUyMiUzRSUwQSUyMCUyMCUyMCUyMCUyMCUyMCUyMCUyMCUzQ2ltZyUyMHNyYyUzRCUyMmh0dHBzJTNBJTJGJTJGcGFkcGFkLml0JTJGd3AtY29udGVudCUyRnVwbG9hZHMlMkYyMDI2JTJGMDMlMkZMT09QX1BBRFBBRC0xLnBuZyUyMiUyMGFsdCUzRCUyMiUyMiUzRSUwQSUyMCUyMCUyMCUyMCUyMCUyMCUyMCUyMCUzQ2gxJTNFSVQlMjdTJTNDYnIlM0UlM0NvcmFuZ2UlM0VFQVNZJTNDJTJGb3JhbmdlJTNFJTNDJTJGaDElM0UlMEElMjAlMjAlMjAlMjAlM0MlMkZkaXYlM0UlMEElMjAlMjAlMjAlMjAlM0NkaXYlMjBjbGFzcyUzRCUyMnRleHQtYXRmLWFkdmFudGFnZXMlMjIlM0UlMEElMjAlMjAlMjAlMjAlMjAlMjAlMjAlMjAlM0NwJTNFV2UlMjBkZXNpZ25lZCUyMGElMjBsaXZpbmclMjBleHBlcmllbmNlJTIwd2hlcmUlMjB5b3VyJTIwb25seSUyMHRhc2slMjBpcyUyMHRvJTIwc3RlcCUyMHRocm91Z2glMjB0aGUlMjBkb29yLiUyMEElMjBsaWdodCUyQyUyMGNvbXBsZXRlJTJDJTIwYW5kJTIwbW92ZS1pbi1yZWFkeSUyMGZvcm11bGEuJTNDJTJGcCUzRSUwQSUyMCUyMCUyMCUyMCUzQyUyRmRpdiUzRSUwQSUzQyUyRmRpdiUzRQ==[\/vc_raw_html][\/vc_column][\/vc_row][vc_row el_id=&#8221;people&#8221;][vc_column][vc_raw_html css=&#8221;&#8221;]JTNDZGl2JTIwY2xhc3MlM0QlMjJjb250YWluZXItcGVvcGxlJTIyJTNFJTBBJTIwJTIwJTIwJTIwJTNDaW1nJTIwc3JjJTNEJTIyaHR0cHMlM0ElMkYlMkZwYWRwYWQuaXQlMkZ3cC1jb250ZW50JTJGdXBsb2FkcyUyRjIwMjYlMkYwMyUyRmtpdGNoZW4tc2NhbGVkLndlYnAlMjIlMjBhbHQlM0QlMjIlMjIlM0UlMEElM0MlMkZkaXYlM0U=[\/vc_raw_html][\/vc_column][\/vc_row][vc_row el_id=&#8221;two-column-section&#8221;][vc_column][vc_empty_space height=&#8221;60px&#8221;][vc_raw_html css=&#8221;&#8221;]JTNDZGl2JTIwY2xhc3MlM0QlMjJ0d28tY29sdW1uLXNlY3Rpb24lMjIlM0UlMEElMjAlMjAlMjAlMjAlM0NkaXYlMjBjbGFzcyUzRCUyMnRleHQlMjIlM0UlMEElMjAlMjAlMjAlMjAlMjAlMjAlMjAlMjAlM0NpbWclMjBzcmMlM0QlMjJodHRwcyUzQSUyRiUyRnBhZHBhZC5pdCUyRndwLWNvbnRlbnQlMkZ1cGxvYWRzJTJGMjAyNiUyRjAzJTJGaWNvbl8xLnBuZyUyMiUyMGFsdCUzRCUyMiUyMiUzRSUwQSUyMCUyMCUyMCUyMCUyMCUyMCUyMCUyMCUzQ2gzJTNFJTNDdmlvbGV0JTNFQUxMLUlOQ0xVU0lWRSUzQyUyRnZpb2xldCUzRSUzQyUyRmgzJTNFJTBBJTIwJTIwJTIwJTIwJTIwJTIwJTIwJTIwJTNDcCUzRU9uZSUyMG1vbnRobHklMjByZWZlcmVuY2UlMjB0aGF0JTIwaW5jbHVkZXMlMjBldmVyeXRoaW5nJTNBJTIwdXRpbGl0aWVzJTJDJTIwV2ktRmklMkMlMjBidWlsZGluZyUyMGZlZXMlMkMlMjBhbmQlMjBtYWludGVuYW5jZS4lMjBXZSUyMG1hbmFnZSUyMHRoZSUyMGNvbXBsZXhpdHklM0IlMjB5b3UlMjBlbmpveSUyMHRoZSUyMHNwYWNlJTIxJTNDJTJGcCUzRSUwQSUyMCUyMCUyMCUyMCUzQyUyRmRpdiUzRSUwQSUyMCUyMCUyMCUyMCUzQ2RpdiUyMGNsYXNzJTNEJTIyY29udGFpbmVyLWltZy0yc2VjdGlvbiUyMiUzRSUwQSUyMCUyMCUyMCUyMCUyMCUyMCUyMCUyMCUzQ2ltZyUyMHNyYyUzRCUyMmh0dHBzJTNBJTJGJTJGcGFkcGFkLml0JTJGd3AtY29udGVudCUyRnVwbG9hZHMlMkYyMDI2JTJGMDMlMkZhZHZhbnRhZ2VzLTEud2VicCUyMiUyMGFsdCUzRCUyMiUyMiUzRSUwQSUyMCUyMCUyMCUyMCUzQyUyRmRpdiUzRSUwQSUzQyUyRmRpdiUzRSUwQSUwQSUzQ2RpdiUyMGNsYXNzJTNEJTIydHdvLWNvbHVtbi1zZWN0aW9uJTIwcmV2ZXJzZSUyMiUzRSUwQSUyMCUyMCUyMCUyMCUzQ2RpdiUyMGNsYXNzJTNEJTIydGV4dCUyMiUzRSUwQSUyMCUyMCUyMCUyMCUyMCUyMCUyMCUyMCUzQ2ltZyUyMHNyYyUzRCUyMmh0dHBzJTNBJTJGJTJGcGFkcGFkLml0JTJGd3AtY29udGVudCUyRnVwbG9hZHMlMkYyMDI2JTJGMDMlMkZpY29uXzItMi5wbmclMjIlMjBhbHQlM0QlMjIlMjIlM0UlMEElMjAlMjAlMjAlMjAlMjAlMjAlMjAlMjAlM0NoMyUzRSUzQ3Zpb2xldCUzRUZMRVhJJTNDJTJGdmlvbGV0JTNFJTNDJTJGaDMlM0UlMEElMjAlMjAlMjAlMjAlMjAlMjAlMjAlMjAlM0NwJTNFTWF4aW11bSUyMGR1cmF0aW9uJTIwZnJlZWRvbS4lMjBEZWZpbmUlMjB5b3VyJTIwc3RheSUyMHdpdGhvdXQlMjB0aGUlMjBjb25zdHJhaW50cyUyMG9mJTIwdHJhZGl0aW9uYWwlMjBjb250cmFjdHMlMkMlMjBzdGFydGluZyUyMGZyb20lMjBqdXN0JTIwb25lJTIwbW9udGguJTNDJTJGcCUzRSUwQSUyMCUyMCUyMCUyMCUzQyUyRmRpdiUzRSUwQSUyMCUyMCUyMCUyMCUzQ2RpdiUyMGNsYXNzJTNEJTIyY29udGFpbmVyLWltZy0yc2VjdGlvbiUyMiUzRSUwQSUyMCUyMCUyMCUyMCUyMCUyMCUyMCUyMCUzQ2ltZyUyMHNyYyUzRCUyMmh0dHBzJTNBJTJGJTJGcGFkcGFkLml0JTJGd3AtY29udGVudCUyRnVwbG9hZHMlMkYyMDI2JTJGMDMlMkZmbGV4aS53ZWJwJTIyJTIwYWx0JTNEJTIyJTIyJTNFJTBBJTIwJTIwJTIwJTIwJTNDJTJGZGl2JTNFJTBBJTNDJTJGZGl2JTNF[\/vc_raw_html][\/vc_column][\/vc_row][vc_row el_id=&#8221;people&#8221;][vc_column][vc_empty_space height=&#8221;50px&#8221;][vc_raw_html css=&#8221;&#8221;]JTNDZGl2JTIwY2xhc3MlM0QlMjJjb250YWluZXItcGVvcGxlJTIyJTNFJTBBJTIwJTIwJTIwJTIwJTNDaW1nJTIwc3JjJTNEJTIyaHR0cHMlM0ElMkYlMkZwYWRwYWQuaXQlMkZ3cC1jb250ZW50JTJGdXBsb2FkcyUyRjIwMjYlMkYwMyUyRkdSQUZJQ0EtMi5wbmclMjIlMjBhbHQlM0QlMjIlMjIlM0UlMEElM0MlMkZkaXYlM0U=[\/vc_raw_html][\/vc_column][\/vc_row][vc_row el_id=&#8221;two-column-section&#8221;][vc_column][vc_raw_html css=&#8221;&#8221;]JTNDZGl2JTIwY2xhc3MlM0QlMjJ0d28tY29sdW1uLXNlY3Rpb24lMjIlM0UlMEElMjAlMjAlMjAlMjAlM0NkaXYlMjBjbGFzcyUzRCUyMnRleHQlMjIlM0UlMEElMjAlMjAlMjAlMjAlMjAlMjAlMjAlMjAlM0NpbWclMjBzcmMlM0QlMjJodHRwcyUzQSUyRiUyRnBhZHBhZC5pdCUyRndwLWNvbnRlbnQlMkZ1cGxvYWRzJTJGMjAyNiUyRjAzJTJGaWNvbl8zLnBuZyUyMiUyMGFsdCUzRCUyMiUyMiUzRSUwQSUyMCUyMCUyMCUyMCUyMCUyMCUyMCUyMCUzQ2gzJTNFJTNDdmlvbGV0JTNFRUFTWSUyMFdJVEhEUkFXQUwlM0MlMkZ2aW9sZXQlM0UlM0MlMkZoMyUzRSUwQSUyMCUyMCUyMCUyMCUyMCUyMCUyMCUyMCUzQ3AlM0VBbiUyMGFnaWxlJTIwc3lzdGVtJTIwdGhhdCUyMGFkYXB0cyUyMHRvJTIweW91ciUyMG1vdmVzLiUyMEp1c3QlMjBvbmUlMjBtb250aCUyN3MlMjBub3RpY2UlMjBpcyUyMGFsbCUyMHlvdSUyMG5lZWQlMjB0byUyMGNsb3NlJTIwdGhlJTIwY29udHJhY3QlMjBhbmQlMjBtb3ZlJTIwb24lMjBzdHJlc3MtZnJlZS4lMjAlMjglMkFOb3QlMjBhcHBsaWNhYmxlJTIwdG8lMjBKYW51YXJ5JTJDJTIwRmVicnVhcnklMkMlMjBKdW5lJTIwYW5kJTIwSnVseSUyMG1vbnRocyUyOSUzQyUyRnAlM0UlMEElMjAlMjAlMjAlMjAlM0MlMkZkaXYlM0UlMEElMjAlMjAlMjAlMjAlM0NkaXYlMjBjbGFzcyUzRCUyMmNvbnRhaW5lci1pbWctMnNlY3Rpb24lMjIlM0UlMEElMjAlMjAlMjAlMjAlMjAlMjAlMjAlMjAlM0NpbWclMjBzcmMlM0QlMjJodHRwcyUzQSUyRiUyRnBhZHBhZC5pdCUyRndwLWNvbnRlbnQlMkZ1cGxvYWRzJTJGMjAyNiUyRjAzJTJGZWFzeS13aXRoZHJhd2FsLndlYnAlMjIlMjBhbHQlM0QlMjIlMjIlM0UlMEElMjAlMjAlMjAlMjAlM0MlMkZkaXYlM0UlMEElM0MlMkZkaXYlM0UlMEElMEElM0NkaXYlMjBjbGFzcyUzRCUyMnR3by1jb2x1bW4tc2VjdGlvbiUyMHJldmVyc2UlMjIlM0UlMEElMjAlMjAlMjAlMjAlM0NkaXYlMjBjbGFzcyUzRCUyMnRleHQlMjIlM0UlMEElMjAlMjAlMjAlMjAlMjAlMjAlMjAlMjAlM0NpbWclMjBzcmMlM0QlMjJodHRwcyUzQSUyRiUyRnBhZHBhZC5pdCUyRndwLWNvbnRlbnQlMkZ1cGxvYWRzJTJGMjAyNiUyRjAzJTJGaWNvbl80LnBuZyUyMiUyMGFsdCUzRCUyMiUyMiUzRSUwQSUyMCUyMCUyMCUyMCUyMCUyMCUyMCUyMCUzQ2gzJTNFJTNDdmlvbGV0JTNFRUFTWSUyMERFUE9TSVRPJTNDJTJGdmlvbGV0JTNFJTNDJTJGaDMlM0UlMEElMjAlMjAlMjAlMjAlMjAlMjAlMjAlMjAlM0NwJTNFU2ltcGxpZmllZCUyMGFjY2VzcyUyMHRvJTIweW91ciUyMG5ldyUyMHN0dWRpbyUyMGFwYXJ0bWVudC4lMjBXZSUyMHByb3RlY3QlMjB5b3VyJTIwYnVkZ2V0JTIwd2l0aCUyMGElMjBzZWN1cml0eSUyMGRlcG9zaXQlMjByZWR1Y2VkJTIwdG8lMjBqdXN0JTIwb25lJTIwbW9udGguJTNDJTJGcCUzRSUwQSUyMCUyMCUyMCUyMCUzQyUyRmRpdiUzRSUwQSUyMCUyMCUyMCUyMCUzQ2RpdiUyMGNsYXNzJTNEJTIyY29udGFpbmVyLWltZy0yc2VjdGlvbiUyMiUzRSUwQSUyMCUyMCUyMCUyMCUyMCUyMCUyMCUyMCUzQ2ltZyUyMHNyYyUzRCUyMmh0dHBzJTNBJTJGJTJGcGFkcGFkLml0JTJGd3AtY29udGVudCUyRnVwbG9hZHMlMkYyMDI2JTJGMDMlMkZlYXN5LWRlcG9zaXRvLndlYnAlMjIlMjBhbHQlM0QlMjIlMjIlM0UlMEElMjAlMjAlMjAlMjAlM0MlMkZkaXYlM0UlMEElM0MlMkZkaXYlM0U=[\/vc_raw_html][vc_empty_space height=&#8221;50px&#8221;][\/vc_column][\/vc_row][vc_row el_id=&#8221;row-contact-us&#8221;][vc_column][vc_raw_html css=&#8221;&#8221;]JTNDZGl2JTIwY2xhc3MlM0QlMjJjb250YWluZXItY29udGFjdC11cyUyMiUzRSUwQSUyMCUyMCUyMCUyMCUzQ2RpdiUyMGNsYXNzJTNEJTIyY29udGFjdC11cy10aXRsZSUyMiUzRSUwQSUyMCUyMCUyMCUyMCUyMCUyMCUyMCUyMCUzQ2gyJTIwY2xhc3MlM0QlMjJ0aXRsZS1oMi1iaWclMjIlM0UlM0NvcmFuZ2UlM0VDT05UQUNUJTIwVVMlM0MlMkZvcmFuZ2UlM0UlMjBPTiUyMFdIQVRTQVBQJTIwRk9SJTIwTU9SRSUyMElORk9STUFUSU9OJTNDJTJGaDIlM0UlMEElMjAlMjAlMjAlMjAlM0MlMkZkaXYlM0UlMEElMjAlMjAlMjAlMjAlM0NkaXYlMjBjbGFzcyUzRCUyMmNvbnRhaW5lci1jb250YWN0LXVzLWJ1dHRvbiUyMiUzRSUwQSUyMCUyMCUyMCUyMCUzQ2ElMjBocmVmJTNEJTIyaHR0cHMlM0ElMkYlMkZhcGkud2hhdHNhcHAuY29tJTJGc2VuZCUzRnBob25lJTNEMzkzMjg3MTk2MjYyJTIyJTIwY2xhc3MlM0QlMjJidXR0b24tYmljb2xvciUyMiUyMHRhcmdldCUzRCUyMl9ibGFuayUyMiUzRSUzQ3NwYW4lM0VDbGljayUyMHRvJTIwY2hhdCUzQyUyRnNwYW4lM0UlM0NpJTIwY2xhc3MlM0QlMjJmYS1yZWd1bGFyJTIwZmEtYXJyb3ctcmlnaHQlMjIlM0UlM0MlMkZpJTNFJTNDJTJGYSUzRSUwQSUyMCUyMCUyMCUyMCUzQyUyRmRpdiUzRSUwQSUzQyUyRmRpdiUzRQ==[\/vc_raw_html][\/vc_column][\/vc_row]<\/p>\n","protected":false},"author":3,"featured_media":0,"parent":0,"menu_order":0,"comment_status":"closed","ping_status":"closed","template":"","meta":{"_acf_changed":false,"footnotes":""},"class_list":["post-3015","page","type-page","status-publish","hentry"],"acf":[],"yoast_head":"<!-- This site is optimized with the Yoast SEO plugin v27.2 - https:\/\/yoast.com\/product\/yoast-seo-wordpress\/ -->\n<title>Advantages - PADPAD<\/title>\n<meta name=\"description\" content=\"Flessibilit\u00e0 \u00e8 la parole chiave intorno alla quale abbiamo sviluppato la nostra idea. Quello che proponiamo \u00e8 una soluzione alternativa comoda in tutti i sensi\" \/>\n<meta name=\"robots\" content=\"index, follow, max-snippet:-1, max-image-preview:large, max-video-preview:-1\" \/>\n<link rel=\"canonical\" href=\"https:\/\/padpad.it\/en\/advantages\/\" \/>\n<meta property=\"og:locale\" content=\"en_US\" \/>\n<meta property=\"og:type\" content=\"article\" \/>\n<meta property=\"og:title\" content=\"Advantages - PADPAD\" \/>\n<meta property=\"og:description\" content=\"Flessibilit\u00e0 \u00e8 la parole chiave intorno alla quale abbiamo sviluppato la nostra idea. Quello che proponiamo \u00e8 una soluzione alternativa comoda in tutti i sensi\" \/>\n<meta property=\"og:url\" content=\"https:\/\/padpad.it\/en\/advantages\/\" \/>\n<meta property=\"og:site_name\" content=\"PADPAD\" \/>\n<meta property=\"article:modified_time\" content=\"2026-03-18T11:16:38+00:00\" \/>\n<meta name=\"twitter:card\" content=\"summary_large_image\" \/>\n<meta name=\"twitter:label1\" content=\"Est. reading time\" \/>\n\t<meta name=\"twitter:data1\" content=\"1 minute\" \/>\n<script type=\"application\/ld+json\" class=\"yoast-schema-graph\">{\"@context\":\"https:\/\/schema.org\",\"@graph\":[{\"@type\":\"WebPage\",\"@id\":\"https:\/\/padpad.it\/en\/advantages\/\",\"url\":\"https:\/\/padpad.it\/en\/advantages\/\",\"name\":\"Advantages - PADPAD\",\"isPartOf\":{\"@id\":\"https:\/\/padpad.it\/en\/#website\"},\"datePublished\":\"2019-06-14T14:12:01+00:00\",\"dateModified\":\"2026-03-18T11:16:38+00:00\",\"description\":\"Flessibilit\u00e0 \u00e8 la parole chiave intorno alla quale abbiamo sviluppato la nostra idea. Quello che proponiamo \u00e8 una soluzione alternativa comoda in tutti i sensi\",\"breadcrumb\":{\"@id\":\"https:\/\/padpad.it\/en\/advantages\/#breadcrumb\"},\"inLanguage\":\"en-US\",\"potentialAction\":[{\"@type\":\"ReadAction\",\"target\":[[\"https:\/\/padpad.it\/en\/advantages\/\"]]}]},{\"@type\":\"BreadcrumbList\",\"@id\":\"https:\/\/padpad.it\/en\/advantages\/#breadcrumb\",\"itemListElement\":[{\"@type\":\"ListItem\",\"position\":1,\"name\":\"Home\",\"item\":\"https:\/\/padpad.it\/en\/\"},{\"@type\":\"ListItem\",\"position\":2,\"name\":\"Advantages\"}]},{\"@type\":\"WebSite\",\"@id\":\"https:\/\/padpad.it\/en\/#website\",\"url\":\"https:\/\/padpad.it\/en\/\",\"name\":\"PADPAD\",\"description\":\"(Italiano) Bed not bad\",\"potentialAction\":[{\"@type\":\"SearchAction\",\"target\":{\"@type\":\"EntryPoint\",\"urlTemplate\":\"https:\/\/padpad.it\/en\/?s={search_term_string}\"},\"query-input\":{\"@type\":\"PropertyValueSpecification\",\"valueRequired\":true,\"valueName\":\"search_term_string\"}}],\"inLanguage\":\"en-US\"}]}<\/script>\n<!-- \/ Yoast SEO plugin. -->","yoast_head_json":{"title":"Advantages - PADPAD","description":"Flessibilit\u00e0 \u00e8 la parole chiave intorno alla quale abbiamo sviluppato la nostra idea. Quello che proponiamo \u00e8 una soluzione alternativa comoda in tutti i sensi","robots":{"index":"index","follow":"follow","max-snippet":"max-snippet:-1","max-image-preview":"max-image-preview:large","max-video-preview":"max-video-preview:-1"},"canonical":"https:\/\/padpad.it\/en\/advantages\/","og_locale":"en_US","og_type":"article","og_title":"Advantages - PADPAD","og_description":"Flessibilit\u00e0 \u00e8 la parole chiave intorno alla quale abbiamo sviluppato la nostra idea. Quello che proponiamo \u00e8 una soluzione alternativa comoda in tutti i sensi","og_url":"https:\/\/padpad.it\/en\/advantages\/","og_site_name":"PADPAD","article_modified_time":"2026-03-18T11:16:38+00:00","twitter_card":"summary_large_image","twitter_misc":{"Est. reading time":"1 minute"},"schema":{"@context":"https:\/\/schema.org","@graph":[{"@type":"WebPage","@id":"https:\/\/padpad.it\/en\/advantages\/","url":"https:\/\/padpad.it\/en\/advantages\/","name":"Advantages - PADPAD","isPartOf":{"@id":"https:\/\/padpad.it\/en\/#website"},"datePublished":"2019-06-14T14:12:01+00:00","dateModified":"2026-03-18T11:16:38+00:00","description":"Flessibilit\u00e0 \u00e8 la parole chiave intorno alla quale abbiamo sviluppato la nostra idea. Quello che proponiamo \u00e8 una soluzione alternativa comoda in tutti i sensi","breadcrumb":{"@id":"https:\/\/padpad.it\/en\/advantages\/#breadcrumb"},"inLanguage":"en-US","potentialAction":[{"@type":"ReadAction","target":[["https:\/\/padpad.it\/en\/advantages\/"]]}]},{"@type":"BreadcrumbList","@id":"https:\/\/padpad.it\/en\/advantages\/#breadcrumb","itemListElement":[{"@type":"ListItem","position":1,"name":"Home","item":"https:\/\/padpad.it\/en\/"},{"@type":"ListItem","position":2,"name":"Advantages"}]},{"@type":"WebSite","@id":"https:\/\/padpad.it\/en\/#website","url":"https:\/\/padpad.it\/en\/","name":"PADPAD","description":"(Italiano) Bed not bad","potentialAction":[{"@type":"SearchAction","target":{"@type":"EntryPoint","urlTemplate":"https:\/\/padpad.it\/en\/?s={search_term_string}"},"query-input":{"@type":"PropertyValueSpecification","valueRequired":true,"valueName":"search_term_string"}}],"inLanguage":"en-US"}]}},"_links":{"self":[{"href":"https:\/\/padpad.it\/en\/wp-json\/wp\/v2\/pages\/3015","targetHints":{"allow":["GET"]}}],"collection":[{"href":"https:\/\/padpad.it\/en\/wp-json\/wp\/v2\/pages"}],"about":[{"href":"https:\/\/padpad.it\/en\/wp-json\/wp\/v2\/types\/page"}],"author":[{"embeddable":true,"href":"https:\/\/padpad.it\/en\/wp-json\/wp\/v2\/users\/3"}],"replies":[{"embeddable":true,"href":"https:\/\/padpad.it\/en\/wp-json\/wp\/v2\/comments?post=3015"}],"version-history":[{"count":26,"href":"https:\/\/padpad.it\/en\/wp-json\/wp\/v2\/pages\/3015\/revisions"}],"predecessor-version":[{"id":4028,"href":"https:\/\/padpad.it\/en\/wp-json\/wp\/v2\/pages\/3015\/revisions\/4028"}],"wp:attachment":[{"href":"https:\/\/padpad.it\/en\/wp-json\/wp\/v2\/media?parent=3015"}],"curies":[{"name":"wp","href":"https:\/\/api.w.org\/{rel}","templated":true}]}}